{"id":35,"date":"2020-08-04T09:59:07","date_gmt":"2020-08-04T09:59:07","guid":{"rendered":"http:\/\/manufakturtjung.de\/?page_id=35"},"modified":"2021-11-25T08:54:44","modified_gmt":"2021-11-25T08:54:44","slug":"rominten-stutzen-8x57","status":"publish","type":"page","link":"https:\/\/manufakturtjung.de\/en\/sofort-verfuegbare-waffen\/rominten-stutzen-8x57","title":{"rendered":"Rominten Stutzen 8&#215;57"},"content":{"rendered":"<div class=\"slider\"><\/div>\n<h1>Neu Rominten Stutzen 8&#215;57<\/h1>\n<p>Stutzen mit Standardsystem<\/p>\n<p>Gravur wird noch Bunth\u00e4rtet<\/p>\n<p>Laufl\u00e4nge 500mm<\/p>\n<p>Vorbereitung f\u00fcr Schwenkmontage waffenseitig<\/p>\n<p><b><span style=\"color: red;\">Preis auf Anfrage<\/span><\/b><\/p>\n<hr \/>\n<p><img loading=\"lazy\" class=\"alignnone size-medium wp-image-543\" src=\"https:\/\/manufakturtjung.de\/wp-content\/uploads\/2021\/11\/k-DSC_0111-300x199.jpg\" alt=\"\" width=\"300\" height=\"199\" srcset=\"https:\/\/manufakturtjung.de\/wp-content\/uploads\/2021\/11\/k-DSC_0111-300x199.jpg 300w, https:\/\/manufakturtjung.de\/wp-content\/uploads\/2021\/11\/k-DSC_0111-570x380.jpg 570w, https:\/\/manufakturtjung.de\/wp-content\/uploads\/2021\/11\/k-DSC_0111-285x190.jpg 285w, https:\/\/manufakturtjung.de\/wp-content\/uploads\/2021\/11\/k-DSC_0111.jpg 640w\" sizes=\"(max-width: 300px) 100vw, 300px\" \/><\/p>\n<p><img loading=\"lazy\" class=\"alignnone size-medium wp-image-544\" src=\"https:\/\/manufakturtjung.de\/wp-content\/uploads\/2021\/11\/k-DSC_0115-300x199.jpg\" alt=\"\" width=\"300\" height=\"199\" srcset=\"https:\/\/manufakturtjung.de\/wp-content\/uploads\/2021\/11\/k-DSC_0115-300x199.jpg 300w, https:\/\/manufakturtjung.de\/wp-content\/uploads\/2021\/11\/k-DSC_0115-570x380.jpg 570w, https:\/\/manufakturtjung.de\/wp-content\/uploads\/2021\/11\/k-DSC_0115-285x190.jpg 285w, https:\/\/manufakturtjung.de\/wp-content\/uploads\/2021\/11\/k-DSC_0115.jpg 640w\" sizes=\"(max-width: 300px) 100vw, 300px\" \/><\/p>\n<p><img loading=\"lazy\" class=\"alignnone size-medium wp-image-545\" src=\"https:\/\/manufakturtjung.de\/wp-content\/uploads\/2021\/11\/k-DSC_0117-300x199.jpg\" alt=\"\" width=\"300\" height=\"199\" srcset=\"https:\/\/manufakturtjung.de\/wp-content\/uploads\/2021\/11\/k-DSC_0117-300x199.jpg 300w, https:\/\/manufakturtjung.de\/wp-content\/uploads\/2021\/11\/k-DSC_0117-570x380.jpg 570w, https:\/\/manufakturtjung.de\/wp-content\/uploads\/2021\/11\/k-DSC_0117-285x190.jpg 285w, https:\/\/manufakturtjung.de\/wp-content\/uploads\/2021\/11\/k-DSC_0117.jpg 640w\" sizes=\"(max-width: 300px) 100vw, 300px\" \/><\/p>\n<p><img loading=\"lazy\" class=\"alignnone size-medium wp-image-546\" src=\"https:\/\/manufakturtjung.de\/wp-content\/uploads\/2021\/11\/k-DSC_0119-300x199.jpg\" alt=\"\" width=\"300\" height=\"199\" srcset=\"https:\/\/manufakturtjung.de\/wp-content\/uploads\/2021\/11\/k-DSC_0119-300x199.jpg 300w, https:\/\/manufakturtjung.de\/wp-content\/uploads\/2021\/11\/k-DSC_0119-570x380.jpg 570w, https:\/\/manufakturtjung.de\/wp-content\/uploads\/2021\/11\/k-DSC_0119-285x190.jpg 285w, https:\/\/manufakturtjung.de\/wp-content\/uploads\/2021\/11\/k-DSC_0119.jpg 640w\" sizes=\"(max-width: 300px) 100vw, 300px\" \/><\/p>\n<p><img loading=\"lazy\" class=\"alignnone size-medium wp-image-547\" src=\"https:\/\/manufakturtjung.de\/wp-content\/uploads\/2021\/11\/k-DSC_0120-300x199.jpg\" alt=\"\" width=\"300\" height=\"199\" srcset=\"https:\/\/manufakturtjung.de\/wp-content\/uploads\/2021\/11\/k-DSC_0120-300x199.jpg 300w, https:\/\/manufakturtjung.de\/wp-content\/uploads\/2021\/11\/k-DSC_0120-570x380.jpg 570w, https:\/\/manufakturtjung.de\/wp-content\/uploads\/2021\/11\/k-DSC_0120-285x190.jpg 285w, https:\/\/manufakturtjung.de\/wp-content\/uploads\/2021\/11\/k-DSC_0120.jpg 640w\" sizes=\"(max-width: 300px) 100vw, 300px\" \/><\/p>\n","protected":false},"excerpt":{"rendered":"<p>Neu Rominten Stutzen 8&#215;57 Stutzen mit Standardsystem Gravur wird noch Bunth\u00e4rtet Laufl\u00e4nge 500mm Vorbereitung f\u00fcr Schwenkmontage waffenseitig Preis auf Anfrage<\/p>\n","protected":false},"author":1,"featured_media":0,"parent":29,"menu_order":9,"comment_status":"closed","ping_status":"closed","template":"","meta":[],"_links":{"self":[{"href":"https:\/\/manufakturtjung.de\/en\/wp-json\/wp\/v2\/pages\/35"}],"collection":[{"href":"https:\/\/manufakturtjung.de\/en\/wp-json\/wp\/v2\/pages"}],"about":[{"href":"https:\/\/manufakturtjung.de\/en\/wp-json\/wp\/v2\/types\/page"}],"author":[{"embeddable":true,"href":"https:\/\/manufakturtjung.de\/en\/wp-json\/wp\/v2\/users\/1"}],"replies":[{"embeddable":true,"href":"https:\/\/manufakturtjung.de\/en\/wp-json\/wp\/v2\/comments?post=35"}],"version-history":[{"count":11,"href":"https:\/\/manufakturtjung.de\/en\/wp-json\/wp\/v2\/pages\/35\/revisions"}],"predecessor-version":[{"id":560,"href":"https:\/\/manufakturtjung.de\/en\/wp-json\/wp\/v2\/pages\/35\/revisions\/560"}],"up":[{"embeddable":true,"href":"https:\/\/manufakturtjung.de\/en\/wp-json\/wp\/v2\/pages\/29"}],"wp:attachment":[{"href":"https:\/\/manufakturtjung.de\/en\/wp-json\/wp\/v2\/media?parent=35"}],"curies":[{"name":"wp","href":"https:\/\/api.w.org\/{rel}","templated":true}]}}