{"id":43,"date":"2020-08-04T10:01:12","date_gmt":"2020-08-04T10:01:12","guid":{"rendered":"http:\/\/manufakturtjung.de\/?page_id=43"},"modified":"2021-11-25T08:57:00","modified_gmt":"2021-11-25T08:57:00","slug":"take-down-kal-416-rigby","status":"publish","type":"page","link":"https:\/\/manufakturtjung.de\/en\/sofort-verfuegbare-waffen\/take-down-kal-416-rigby","title":{"rendered":"Take Down Kal. .416 Rigby"},"content":{"rendered":"<div class=\"slider\"><\/div>\n<h1>Take Down Kal. .416 Rigby<\/h1>\n<p>Klassische Gro\u00dfwildb\u00fcchse<\/p>\n<p>Take Down mit Trapezgewinde ( hartverchromt )<\/p>\n<p>Mit einem Griff ohne Werkzeug zerlegbar<\/p>\n<p>Systemverl\u00e4ngerung oben und unten<\/p>\n<p>Laufl\u00e4nge 600mm<\/p>\n<p>Vorbereitung f\u00fcr Schwenkmontage waffenseitig<\/p>\n<p>Preis auf Anfrage<\/p>\n<hr \/>\n<style type=\"text\/css\" scoped>.roboGalleryLoaderSpinner{margin:50px auto;width:50px;height:40px;text-align:center;font-size:10px;}.roboGalleryLoaderSpinner > div{background-color:#333; height:100%; width:6px; display:inline-block; -webkit-animation:roboGalleryLoader-stretchdelay 1.2s infinite ease-in-out; animation:roboGalleryLoader-stretchdelay 1.2s infinite ease-in-out;}.roboGalleryLoaderSpinner .roboGalleryLoaderRect2{-webkit-animation-delay:-1.1s; animation-delay:-1.1s;}.roboGalleryLoaderSpinner .roboGalleryLoaderRect3{-webkit-animation-delay:-1.0s; animation-delay:-1.0s;}.roboGalleryLoaderSpinner .roboGalleryLoaderRect4{-webkit-animation-delay:-0.9s; animation-delay:-0.9s;}.roboGalleryLoaderSpinner .roboGalleryLoaderRect5{-webkit-animation-delay:-0.8s; animation-delay:-0.8s;}@-webkit-keyframes roboGalleryLoader-stretchdelay{0%,40%,100%{-webkit-transform:scaleY(0.4) } 20%{-webkit-transform:scaleY(1.0) }}@keyframes roboGalleryLoader-stretchdelay{0%,40%,100%{ transform:scaleY(0.4); -webkit-transform:scaleY(0.4); } 20%{ transform:scaleY(1.0); -webkit-transform:scaleY(1.0); }}<\/style><div id=\"robo_gallery_loading_rbs_gallery_69df256773d39\" class=\"roboGalleryLoaderSpinner\"><div class=\"roboGalleryLoaderRect1\"><\/div> <div class=\"roboGalleryLoaderRect2\"><\/div> <div class=\"roboGalleryLoaderRect3\"><\/div> <div class=\"roboGalleryLoaderRect4\"><\/div> <div class=\"roboGalleryLoaderRect5\"><\/div><\/div><div id=\"robo_gallery_main_block_rbs_gallery_69df256773d39\" class=\"robogallery-gallery-482\" style=\"width:100%;  display: none;\"><div class=\"rbs_gallery_button rbs_gallery_align_left\"  id=\"rbs_gallery_69df256773d39filter\"><\/div><div id=\"rbs_gallery_69df256773d39\" data-options=\"rbs_gallery_69df256773d39\" style=\"width:100%;\" class=\"robo_gallery\"><div class=\"rbs-img category482 \" ><div class=\"rbs-img-image  rbs-lightbox\"   ><div data-thumbnail=\"https:\/\/manufakturtjung.de\/wp-content\/uploads\/2020\/08\/td-416rigby-1-300x200.jpg\" title=\"td-416rigby-1\" data-width=\"300\" data-height=\"200\" ><\/div><div data-popup=\"https:\/\/manufakturtjung.de\/wp-content\/uploads\/2020\/08\/td-416rigby-1.jpg\" data-alt=\"td-416rigby-1\" title=\"td-416rigby-1\" ><\/div><div class=\"thumbnail-overlay\"><div class=\"rbsIcons\"><i class=\"fa fa-search-plus rbsZoomIcon \" ><\/i><\/div><\/div><\/div><\/div><div class=\"rbs-img category482 \" ><div class=\"rbs-img-image  rbs-lightbox\"   ><div data-thumbnail=\"https:\/\/manufakturtjung.de\/wp-content\/uploads\/2020\/08\/td-416rigby-2-300x200.jpg\" title=\"td-416rigby-2\" data-width=\"300\" data-height=\"200\" ><\/div><div data-popup=\"https:\/\/manufakturtjung.de\/wp-content\/uploads\/2020\/08\/td-416rigby-2.jpg\" data-alt=\"td-416rigby-2\" title=\"td-416rigby-2\" ><\/div><div class=\"thumbnail-overlay\"><div class=\"rbsIcons\"><i class=\"fa fa-search-plus rbsZoomIcon \" ><\/i><\/div><\/div><\/div><\/div><div class=\"rbs-img category482 \" ><div class=\"rbs-img-image  rbs-lightbox\"   ><div data-thumbnail=\"https:\/\/manufakturtjung.de\/wp-content\/uploads\/2020\/08\/td-416rigby-3-300x200.jpg\" title=\"td-416rigby-3\" data-width=\"300\" data-height=\"200\" ><\/div><div data-popup=\"https:\/\/manufakturtjung.de\/wp-content\/uploads\/2020\/08\/td-416rigby-3.jpg\" data-alt=\"td-416rigby-3\" title=\"td-416rigby-3\" ><\/div><div class=\"thumbnail-overlay\"><div class=\"rbsIcons\"><i class=\"fa fa-search-plus rbsZoomIcon \" ><\/i><\/div><\/div><\/div><\/div><div class=\"rbs-img category482 \" ><div class=\"rbs-img-image  rbs-lightbox\"   ><div data-thumbnail=\"https:\/\/manufakturtjung.de\/wp-content\/uploads\/2020\/08\/td-416rigby-4-300x200.jpg\" title=\"td-416rigby-4\" data-width=\"300\" data-height=\"200\" ><\/div><div data-popup=\"https:\/\/manufakturtjung.de\/wp-content\/uploads\/2020\/08\/td-416rigby-4.jpg\" data-alt=\"td-416rigby-4\" title=\"td-416rigby-4\" ><\/div><div class=\"thumbnail-overlay\"><div class=\"rbsIcons\"><i class=\"fa fa-search-plus rbsZoomIcon \" ><\/i><\/div><\/div><\/div><\/div><div class=\"rbs-img category482 \" ><div class=\"rbs-img-image  rbs-lightbox\"   ><div data-thumbnail=\"https:\/\/manufakturtjung.de\/wp-content\/uploads\/2020\/08\/td-416rigby-5-300x200.jpg\" title=\"td-416rigby-5\" data-width=\"300\" data-height=\"200\" ><\/div><div data-popup=\"https:\/\/manufakturtjung.de\/wp-content\/uploads\/2020\/08\/td-416rigby-5.jpg\" data-alt=\"td-416rigby-5\" title=\"td-416rigby-5\" ><\/div><div class=\"thumbnail-overlay\"><div class=\"rbsIcons\"><i class=\"fa fa-search-plus rbsZoomIcon \" ><\/i><\/div><\/div><\/div><\/div><div class=\"rbs-img category482 \" ><div class=\"rbs-img-image  rbs-lightbox\"   ><div data-thumbnail=\"https:\/\/manufakturtjung.de\/wp-content\/uploads\/2020\/08\/td-416rigby-6-rotated-e1597062314944-300x200.jpg\" title=\"td-416rigby-6\" data-width=\"300\" data-height=\"200\" ><\/div><div data-popup=\"https:\/\/manufakturtjung.de\/wp-content\/uploads\/2020\/08\/td-416rigby-6-rotated-e1597062314944.jpg\" data-alt=\"td-416rigby-6\" title=\"td-416rigby-6\" ><\/div><div class=\"thumbnail-overlay\"><div class=\"rbsIcons\"><i class=\"fa fa-search-plus rbsZoomIcon \" ><\/i><\/div><\/div><\/div><\/div><\/div><\/div><script>var rbs_gallery_69df256773d39 = {\"filterContainer\": \"#rbs_gallery_69df256773d39filter\", \"loadingContainer\": \"#robo_gallery_loading_rbs_gallery_69df256773d39\", \"mainContainer\": \"#robo_gallery_main_block_rbs_gallery_69df256773d39\", \"touch\": 1, \"touchDirection\": \"left\", \"lightboxOptions\": { gallery: { enabled: true, tCounter: \"%curr% of %total%\" } }, \"columns\": 3, \"columnWidth\": \"auto\", \"resolutions\": [{\"columnWidth\": \"auto\" , \"columns\":3 , \"maxWidth\": 960} , {\"columnWidth\": \"auto\" , \"columns\":2 , \"maxWidth\": 650} , {\"columnWidth\": \"auto\" , \"columns\":1 , \"maxWidth\": 450}], \"overlayEffect\": \"direction-aware-fade\", \"boxesToLoadStart\": 12, \"boxesToLoad\": 8, \"lazyLoad\": true, \"waitUntilThumbLoads\": true, \"waitForAllThumbsNoMatterWhat\": false, \"deepLinking\": false, \"LoadingWord\": \"Loading...\", \"loadMoreWord\": \"Load More\", \"loadMoreClass\": \"button-flat-primary button-large \", \"noMoreEntriesWord\": \"No More Entries\", \"horizontalSpaceBetweenBoxes\": 15, \"verticalSpaceBetweenBoxes\": 15, \"hideTitle\": \"true\"}, rbs_gallery_69df256773d39_css = \"body .mfp-ready.mfp-bg{background-color: rgba(11, 11, 11, 0.8);}#rbs_gallery_69df256773d39 .rbs-img-container{ -webkit-border-radius: 0px; -moz-border-radius: 0px; border-radius: 0px;-webkit-box-shadow:0px 5px 7px rgba(34, 25, 25, 0.4) ;-moz-box-shadow: \t0px 5px 7px rgba(34, 25, 25, 0.4) ;-o-box-shadow: \t0px 5px 7px rgba(34, 25, 25, 0.4) ;-ms-box-shadow: \t0px 5px 7px rgba(34, 25, 25, 0.4) ;box-shadow: \t\t0px 5px 7px rgba(34, 25, 25, 0.4) ;}#rbs_gallery_69df256773d39 .thumbnail-overlay{background:rgba(7, 7, 7, 0.5);}#rbs_gallery_69df256773d39 .rbsZoomIcon{ font-size:30px; line-height:100%; color:rgb(255, 255, 255);background:rgba(13, 130, 241, 0);}#rbs_gallery_69df256773d39 .rbsZoomIcon:hover{color:rgb(174, 174, 174);background:rgba(6, 70, 130, 0);}#rbs_gallery_69df256773d39 .image-with-dimensions{background-color: rgb(255, 255, 255);}body .mfp-title, body .mfp-counter{color: rgb(243, 243, 243);}\",roboGalleryDelay = 0; head = document.head || document.getElementsByTagName(\"head\")[0], style = document.createElement(\"style\"); style.type = \"text\/css\"; if (style.styleSheet) style.styleSheet.cssText = rbs_gallery_69df256773d39_css; \telse  style.appendChild(document.createTextNode(rbs_gallery_69df256773d39_css)); head.appendChild(style);<\/script>\n","protected":false},"excerpt":{"rendered":"<p>Take Down Kal. .416 Rigby Klassische Gro\u00dfwildb\u00fcchse Take Down mit Trapezgewinde ( hartverchromt ) Mit einem Griff ohne Werkzeug zerlegbar Systemverl\u00e4ngerung oben und unten Laufl\u00e4nge 600mm Vorbereitung f\u00fcr Schwenkmontage waffenseitig Preis auf Anfrage<\/p>\n","protected":false},"author":1,"featured_media":0,"parent":29,"menu_order":17,"comment_status":"closed","ping_status":"closed","template":"","meta":[],"_links":{"self":[{"href":"https:\/\/manufakturtjung.de\/en\/wp-json\/wp\/v2\/pages\/43"}],"collection":[{"href":"https:\/\/manufakturtjung.de\/en\/wp-json\/wp\/v2\/pages"}],"about":[{"href":"https:\/\/manufakturtjung.de\/en\/wp-json\/wp\/v2\/types\/page"}],"author":[{"embeddable":true,"href":"https:\/\/manufakturtjung.de\/en\/wp-json\/wp\/v2\/users\/1"}],"replies":[{"embeddable":true,"href":"https:\/\/manufakturtjung.de\/en\/wp-json\/wp\/v2\/comments?post=43"}],"version-history":[{"count":4,"href":"https:\/\/manufakturtjung.de\/en\/wp-json\/wp\/v2\/pages\/43\/revisions"}],"predecessor-version":[{"id":561,"href":"https:\/\/manufakturtjung.de\/en\/wp-json\/wp\/v2\/pages\/43\/revisions\/561"}],"up":[{"embeddable":true,"href":"https:\/\/manufakturtjung.de\/en\/wp-json\/wp\/v2\/pages\/29"}],"wp:attachment":[{"href":"https:\/\/manufakturtjung.de\/en\/wp-json\/wp\/v2\/media?parent=43"}],"curies":[{"name":"wp","href":"https:\/\/api.w.org\/{rel}","templated":true}]}}