{"id":64,"date":"2020-08-04T10:08:49","date_gmt":"2020-08-04T10:08:49","guid":{"rendered":"http:\/\/manufakturtjung.de\/?page_id=64"},"modified":"2020-08-06T15:52:33","modified_gmt":"2020-08-06T15:52:33","slug":"impressum","status":"publish","type":"page","link":"https:\/\/manufakturtjung.de\/ru\/impressum","title":{"rendered":"Impressum"},"content":{"rendered":"<div class=\"slider\"><\/div>\n<h1>Impressum<\/h1>\n<div id=\"pageDescription\" class=\"content\">\n<p>Manufaktur T. Jung GmbH<br \/>\nAm alten Garten 7<br \/>\n53797 Lohmar<br \/>\nTel. +49 22 46 \/ 28 79<br \/>\nFax +49 22 46 \/ 1 84 91<br \/>\nemail:kerp@manufakturtjung.de<\/p>\n<p>Amtsgericht Siegburg<br \/>\nHBR 15622<br \/>\nUSt-IdNr.:DE 326535592<\/p>\n<p>Geschaftsf\u00fchrer: Marcel Kerp<\/p>\n<p>Haftungshinweis:<br \/>\nTrotz sorgf\u00e4ltiger inhaltlicher Kontrolle \u00fcbernehmen wir keine Haftung f\u00fcr die Inhalte externer Links. F\u00fcr den Inhalt der verlinkten Seiten sind ausschlie\u00dflich deren Betreiber verantwortlich.<\/p>\n<p>Copyright\u00a9 2019 Manufaktur T. Jung GmbH. Alle Rechte vorbehalten.<\/p>\n<p>Dokumente, Grafiken, Software und Quelltexte, die Bestandteile dieser Website darstellen und von diesem Server heruntergeladen werden k\u00f6nnen, sind urheberrechtlich f\u00fcr die Waffen Jung GmbH gesch\u00fctzt. Sofern nicht anders vermerkt, bed\u00fcrfen die Verwendung, Reproduktion und Weitergabe dieser Dokumente, Grafiken und Software der schriftlichen Genehmigung der Waffen Jung GmbH.<\/p>\n<\/div>\n","protected":false},"excerpt":{"rendered":"<p>Impressum Manufaktur T. Jung GmbH Am alten Garten 7 53797 Lohmar Tel. +49 22 46 \/ 28 79 Fax +49 22 46 \/ 1 84 91 email:kerp@manufakturtjung.de Amtsgericht Siegburg HBR 15622 USt-IdNr.:DE 326535592 Geschaftsf\u00fchrer: Marcel Kerp Haftungshinweis: Trotz sorgf\u00e4ltiger inhaltlicher Kontrolle \u00fcbernehmen wir keine Haftung f\u00fcr die Inhalte externer Links. F\u00fcr den Inhalt der verlinkten<\/p>\n<p><a href=\"https:\/\/manufakturtjung.de\/ru\/impressum\" class=\"more-link themebutton\">Read More<\/a><\/p>\n","protected":false},"author":1,"featured_media":0,"parent":0,"menu_order":110,"comment_status":"closed","ping_status":"closed","template":"","meta":[],"_links":{"self":[{"href":"https:\/\/manufakturtjung.de\/ru\/wp-json\/wp\/v2\/pages\/64"}],"collection":[{"href":"https:\/\/manufakturtjung.de\/ru\/wp-json\/wp\/v2\/pages"}],"about":[{"href":"https:\/\/manufakturtjung.de\/ru\/wp-json\/wp\/v2\/types\/page"}],"author":[{"embeddable":true,"href":"https:\/\/manufakturtjung.de\/ru\/wp-json\/wp\/v2\/users\/1"}],"replies":[{"embeddable":true,"href":"https:\/\/manufakturtjung.de\/ru\/wp-json\/wp\/v2\/comments?post=64"}],"version-history":[{"count":2,"href":"https:\/\/manufakturtjung.de\/ru\/wp-json\/wp\/v2\/pages\/64\/revisions"}],"predecessor-version":[{"id":439,"href":"https:\/\/manufakturtjung.de\/ru\/wp-json\/wp\/v2\/pages\/64\/revisions\/439"}],"wp:attachment":[{"href":"https:\/\/manufakturtjung.de\/ru\/wp-json\/wp\/v2\/media?parent=64"}],"curies":[{"name":"wp","href":"https:\/\/api.w.org\/{rel}","templated":true}]}}